{"id":4335,"date":"2022-07-06T14:07:58","date_gmt":"2022-07-06T12:07:58","guid":{"rendered":"https:\/\/cordoba.hammamalandalus.com\/?page_id=4335"},"modified":"2024-12-30T09:24:38","modified_gmt":"2024-12-30T08:24:38","slug":"relax-enjoy-bayyah-cordoba","status":"publish","type":"page","link":"https:\/\/cordoba.hammamalandalus.com\/en\/service-menu-massages-cordoba\/relax-enjoy-bayyah-cordoba\/","title":{"rendered":"BAYYAH"},"content":{"rendered":"","protected":false},"excerpt":{"rendered":"","protected":false},"author":10,"featured_media":0,"parent":939,"menu_order":5,"comment_status":"closed","ping_status":"closed","template":"views\/template-blocks.blade.php","meta":{"_acf_changed":false,"footnotes":""},"class_list":["post-4335","page","type-page","status-publish","hentry"],"acf":[],"yoast_head":"<!-- This site is optimized with the Yoast SEO plugin v27.5 - https:\/\/yoast.com\/product\/yoast-seo-wordpress\/ -->\n<title>Relax and enjoy with Bayyah - Arab Baths in C\u00f3rdoba<\/title>\n<meta name=\"description\" content=\"Discover our Arab Baths in C\u00f3rdoba and experience a journey back in time filled with relaxation and inner well-being. Water, scents, and sensations.\" \/>\n<meta name=\"robots\" content=\"index, follow, max-snippet:-1, max-image-preview:large, max-video-preview:-1\" \/>\n<link rel=\"canonical\" href=\"https:\/\/cordoba.hammamalandalus.com\/en\/service-menu-massages-cordoba\/relax-enjoy-bayyah-cordoba\/\" \/>\n<meta property=\"og:locale\" content=\"en_US\" \/>\n<meta property=\"og:type\" content=\"article\" \/>\n<meta property=\"og:title\" content=\"Relax and enjoy with Bayyah - Arab Baths in C\u00f3rdoba\" \/>\n<meta property=\"og:description\" content=\"Discover our Arab Baths in C\u00f3rdoba and experience a journey back in time filled with relaxation and inner well-being. Water, scents, and sensations.\" \/>\n<meta property=\"og:url\" content=\"https:\/\/cordoba.hammamalandalus.com\/en\/service-menu-massages-cordoba\/relax-enjoy-bayyah-cordoba\/\" \/>\n<meta property=\"og:site_name\" content=\"Hammam C\u00f3rdoba\" \/>\n<meta property=\"article:modified_time\" content=\"2024-12-30T08:24:38+00:00\" \/>\n<meta name=\"twitter:card\" content=\"summary_large_image\" \/>\n<script type=\"application\/ld+json\" class=\"yoast-schema-graph\">{\"@context\":\"https:\\\/\\\/schema.org\",\"@graph\":[{\"@type\":\"WebPage\",\"@id\":\"https:\\\/\\\/cordoba.hammamalandalus.com\\\/en\\\/service-menu-massages-cordoba\\\/relax-enjoy-bayyah-cordoba\\\/\",\"url\":\"https:\\\/\\\/cordoba.hammamalandalus.com\\\/en\\\/service-menu-massages-cordoba\\\/relax-enjoy-bayyah-cordoba\\\/\",\"name\":\"Relax and enjoy with Bayyah - Arab Baths in C\u00f3rdoba\",\"isPartOf\":{\"@id\":\"https:\\\/\\\/cordoba.hammamalandalus.com\\\/en\\\/#website\"},\"datePublished\":\"2022-07-06T12:07:58+00:00\",\"dateModified\":\"2024-12-30T08:24:38+00:00\",\"description\":\"Discover our Arab Baths in C\u00f3rdoba and experience a journey back in time filled with relaxation and inner well-being. Water, scents, and sensations.\",\"breadcrumb\":{\"@id\":\"https:\\\/\\\/cordoba.hammamalandalus.com\\\/en\\\/service-menu-massages-cordoba\\\/relax-enjoy-bayyah-cordoba\\\/#breadcrumb\"},\"inLanguage\":\"en-US\",\"potentialAction\":[{\"@type\":\"ReadAction\",\"target\":[\"https:\\\/\\\/cordoba.hammamalandalus.com\\\/en\\\/service-menu-massages-cordoba\\\/relax-enjoy-bayyah-cordoba\\\/\"]}]},{\"@type\":\"BreadcrumbList\",\"@id\":\"https:\\\/\\\/cordoba.hammamalandalus.com\\\/en\\\/service-menu-massages-cordoba\\\/relax-enjoy-bayyah-cordoba\\\/#breadcrumb\",\"itemListElement\":[{\"@type\":\"ListItem\",\"position\":1,\"name\":\"Portada\",\"item\":\"https:\\\/\\\/cordoba.hammamalandalus.com\\\/en\\\/\"},{\"@type\":\"ListItem\",\"position\":2,\"name\":\"Services\",\"item\":\"https:\\\/\\\/cordoba.hammamalandalus.com\\\/en\\\/service-menu-massages-cordoba\\\/\"},{\"@type\":\"ListItem\",\"position\":3,\"name\":\"BAYYAH\"}]},{\"@type\":\"WebSite\",\"@id\":\"https:\\\/\\\/cordoba.hammamalandalus.com\\\/en\\\/#website\",\"url\":\"https:\\\/\\\/cordoba.hammamalandalus.com\\\/en\\\/\",\"name\":\"Hammam C\u00f3rdoba\",\"description\":\"Hammam Al \u00c1ndalus C\u00f3rdoba\",\"publisher\":{\"@id\":\"https:\\\/\\\/cordoba.hammamalandalus.com\\\/en\\\/#organization\"},\"alternateName\":\"Hammam\",\"potentialAction\":[{\"@type\":\"SearchAction\",\"target\":{\"@type\":\"EntryPoint\",\"urlTemplate\":\"https:\\\/\\\/cordoba.hammamalandalus.com\\\/en\\\/?s={search_term_string}\"},\"query-input\":{\"@type\":\"PropertyValueSpecification\",\"valueRequired\":true,\"valueName\":\"search_term_string\"}}],\"inLanguage\":\"en-US\"},{\"@type\":\"Organization\",\"@id\":\"https:\\\/\\\/cordoba.hammamalandalus.com\\\/en\\\/#organization\",\"name\":\"Hammam C\u00f3rdoba\",\"alternateName\":\"Hammam\",\"url\":\"https:\\\/\\\/cordoba.hammamalandalus.com\\\/en\\\/\",\"logo\":{\"@type\":\"ImageObject\",\"inLanguage\":\"en-US\",\"@id\":\"https:\\\/\\\/cordoba.hammamalandalus.com\\\/en\\\/#\\\/schema\\\/logo\\\/image\\\/\",\"url\":\"https:\\\/\\\/cordoba.hammamalandalus.com\\\/wp-content\\\/uploads\\\/sites\\\/4\\\/2019\\\/08\\\/hammam-al-andalus.png\",\"contentUrl\":\"https:\\\/\\\/cordoba.hammamalandalus.com\\\/wp-content\\\/uploads\\\/sites\\\/4\\\/2019\\\/08\\\/hammam-al-andalus.png\",\"width\":79,\"height\":79,\"caption\":\"Hammam C\u00f3rdoba\"},\"image\":{\"@id\":\"https:\\\/\\\/cordoba.hammamalandalus.com\\\/en\\\/#\\\/schema\\\/logo\\\/image\\\/\"}}]}<\/script>\n<!-- \/ Yoast SEO plugin. -->","yoast_head_json":{"title":"Relax and enjoy with Bayyah - Arab Baths in C\u00f3rdoba","description":"Discover our Arab Baths in C\u00f3rdoba and experience a journey back in time filled with relaxation and inner well-being. Water, scents, and sensations.","robots":{"index":"index","follow":"follow","max-snippet":"max-snippet:-1","max-image-preview":"max-image-preview:large","max-video-preview":"max-video-preview:-1"},"canonical":"https:\/\/cordoba.hammamalandalus.com\/en\/service-menu-massages-cordoba\/relax-enjoy-bayyah-cordoba\/","og_locale":"en_US","og_type":"article","og_title":"Relax and enjoy with Bayyah - Arab Baths in C\u00f3rdoba","og_description":"Discover our Arab Baths in C\u00f3rdoba and experience a journey back in time filled with relaxation and inner well-being. Water, scents, and sensations.","og_url":"https:\/\/cordoba.hammamalandalus.com\/en\/service-menu-massages-cordoba\/relax-enjoy-bayyah-cordoba\/","og_site_name":"Hammam C\u00f3rdoba","article_modified_time":"2024-12-30T08:24:38+00:00","twitter_card":"summary_large_image","schema":{"@context":"https:\/\/schema.org","@graph":[{"@type":"WebPage","@id":"https:\/\/cordoba.hammamalandalus.com\/en\/service-menu-massages-cordoba\/relax-enjoy-bayyah-cordoba\/","url":"https:\/\/cordoba.hammamalandalus.com\/en\/service-menu-massages-cordoba\/relax-enjoy-bayyah-cordoba\/","name":"Relax and enjoy with Bayyah - Arab Baths in C\u00f3rdoba","isPartOf":{"@id":"https:\/\/cordoba.hammamalandalus.com\/en\/#website"},"datePublished":"2022-07-06T12:07:58+00:00","dateModified":"2024-12-30T08:24:38+00:00","description":"Discover our Arab Baths in C\u00f3rdoba and experience a journey back in time filled with relaxation and inner well-being. Water, scents, and sensations.","breadcrumb":{"@id":"https:\/\/cordoba.hammamalandalus.com\/en\/service-menu-massages-cordoba\/relax-enjoy-bayyah-cordoba\/#breadcrumb"},"inLanguage":"en-US","potentialAction":[{"@type":"ReadAction","target":["https:\/\/cordoba.hammamalandalus.com\/en\/service-menu-massages-cordoba\/relax-enjoy-bayyah-cordoba\/"]}]},{"@type":"BreadcrumbList","@id":"https:\/\/cordoba.hammamalandalus.com\/en\/service-menu-massages-cordoba\/relax-enjoy-bayyah-cordoba\/#breadcrumb","itemListElement":[{"@type":"ListItem","position":1,"name":"Portada","item":"https:\/\/cordoba.hammamalandalus.com\/en\/"},{"@type":"ListItem","position":2,"name":"Services","item":"https:\/\/cordoba.hammamalandalus.com\/en\/service-menu-massages-cordoba\/"},{"@type":"ListItem","position":3,"name":"BAYYAH"}]},{"@type":"WebSite","@id":"https:\/\/cordoba.hammamalandalus.com\/en\/#website","url":"https:\/\/cordoba.hammamalandalus.com\/en\/","name":"Hammam C\u00f3rdoba","description":"Hammam Al \u00c1ndalus C\u00f3rdoba","publisher":{"@id":"https:\/\/cordoba.hammamalandalus.com\/en\/#organization"},"alternateName":"Hammam","potentialAction":[{"@type":"SearchAction","target":{"@type":"EntryPoint","urlTemplate":"https:\/\/cordoba.hammamalandalus.com\/en\/?s={search_term_string}"},"query-input":{"@type":"PropertyValueSpecification","valueRequired":true,"valueName":"search_term_string"}}],"inLanguage":"en-US"},{"@type":"Organization","@id":"https:\/\/cordoba.hammamalandalus.com\/en\/#organization","name":"Hammam C\u00f3rdoba","alternateName":"Hammam","url":"https:\/\/cordoba.hammamalandalus.com\/en\/","logo":{"@type":"ImageObject","inLanguage":"en-US","@id":"https:\/\/cordoba.hammamalandalus.com\/en\/#\/schema\/logo\/image\/","url":"https:\/\/cordoba.hammamalandalus.com\/wp-content\/uploads\/sites\/4\/2019\/08\/hammam-al-andalus.png","contentUrl":"https:\/\/cordoba.hammamalandalus.com\/wp-content\/uploads\/sites\/4\/2019\/08\/hammam-al-andalus.png","width":79,"height":79,"caption":"Hammam C\u00f3rdoba"},"image":{"@id":"https:\/\/cordoba.hammamalandalus.com\/en\/#\/schema\/logo\/image\/"}}]}},"publishpress_future_action":{"enabled":false,"date":"2026-05-07 17:46:19","action":"change-status","newStatus":"draft","terms":[],"taxonomy":"translation_priority","extraData":[]},"publishpress_future_workflow_manual_trigger":{"enabledWorkflows":[]},"_links":{"self":[{"href":"https:\/\/cordoba.hammamalandalus.com\/en\/wp-json\/wp\/v2\/pages\/4335","targetHints":{"allow":["GET"]}}],"collection":[{"href":"https:\/\/cordoba.hammamalandalus.com\/en\/wp-json\/wp\/v2\/pages"}],"about":[{"href":"https:\/\/cordoba.hammamalandalus.com\/en\/wp-json\/wp\/v2\/types\/page"}],"author":[{"embeddable":true,"href":"https:\/\/cordoba.hammamalandalus.com\/en\/wp-json\/wp\/v2\/users\/10"}],"replies":[{"embeddable":true,"href":"https:\/\/cordoba.hammamalandalus.com\/en\/wp-json\/wp\/v2\/comments?post=4335"}],"version-history":[{"count":1,"href":"https:\/\/cordoba.hammamalandalus.com\/en\/wp-json\/wp\/v2\/pages\/4335\/revisions"}],"predecessor-version":[{"id":4340,"href":"https:\/\/cordoba.hammamalandalus.com\/en\/wp-json\/wp\/v2\/pages\/4335\/revisions\/4340"}],"up":[{"embeddable":true,"href":"https:\/\/cordoba.hammamalandalus.com\/en\/wp-json\/wp\/v2\/pages\/939"}],"wp:attachment":[{"href":"https:\/\/cordoba.hammamalandalus.com\/en\/wp-json\/wp\/v2\/media?parent=4335"}],"curies":[{"name":"wp","href":"https:\/\/api.w.org\/{rel}","templated":true}]}}